{"id":708,"date":"2016-06-16T20:23:33","date_gmt":"2016-06-16T18:23:33","guid":{"rendered":"http:\/\/www.volksbanken-laufcup.de\/?page_id=708"},"modified":"2016-06-16T20:23:33","modified_gmt":"2016-06-16T18:23:33","slug":"ergebnisse-missionslauf-visbeck","status":"publish","type":"page","link":"https:\/\/www.volksbanken-laufcup.de\/?page_id=708","title":{"rendered":"Ergebnisse Missionslauf Visbeck"},"content":{"rendered":"<p><span style=\"color: #ff6600;\"><a style=\"color: #ff6600;\" href=\"http:\/\/www.volksbanken-laufcup.de\/wp-content\/uploads\/2016\/06\/Visbeck-10-Km-1.pdf\" target=\"_blank\">Visbeck 10,6 Km<\/a> <img decoding=\"async\" loading=\"lazy\" class=\"alignright wp-image-714 size-medium\" src=\"http:\/\/www.volksbanken-laufcup.de\/wp-content\/uploads\/2016\/06\/Visbeck1-300x200.jpg\" alt=\"Visbeck1\" width=\"300\" height=\"200\" \/><\/span><\/p>\n<p><span style=\"color: #ff6600;\"><a style=\"color: #ff6600;\" href=\"http:\/\/www.volksbanken-laufcup.de\/wp-content\/uploads\/2016\/06\/Visbeck-211-Km.pdf\" target=\"_blank\">Visbeck 21,1 Km<\/a><\/span><\/p>\n<p>&nbsp;<\/p>\n<p>&nbsp;<\/p>\n<p>&nbsp;<\/p>\n<p>&nbsp;<\/p>\n<p>&nbsp;<\/p>\n<p>Bei den Listen sind zum besseren \u00dcberblick alle Teilnehmer der L\u00e4ufe aufgef\u00fchrt also nicht nur Teilnehmer am Cup<\/p>\n","protected":false},"excerpt":{"rendered":"<p>Visbeck 10,6 Km Visbeck 21,1 Km &nbsp; &nbsp; &nbsp; &nbsp; &nbsp; Bei den Listen sind zum besseren \u00dcberblick alle Teilnehmer der L\u00e4ufe aufgef\u00fchrt also nicht nur Teilnehmer am Cup<\/p>\n","protected":false},"author":4,"featured_media":0,"parent":0,"menu_order":0,"comment_status":"closed","ping_status":"closed","template":"","meta":{"footnotes":""},"_links":{"self":[{"href":"https:\/\/www.volksbanken-laufcup.de\/index.php?rest_route=\/wp\/v2\/pages\/708"}],"collection":[{"href":"https:\/\/www.volksbanken-laufcup.de\/index.php?rest_route=\/wp\/v2\/pages"}],"about":[{"href":"https:\/\/www.volksbanken-laufcup.de\/index.php?rest_route=\/wp\/v2\/types\/page"}],"author":[{"embeddable":true,"href":"https:\/\/www.volksbanken-laufcup.de\/index.php?rest_route=\/wp\/v2\/users\/4"}],"replies":[{"embeddable":true,"href":"https:\/\/www.volksbanken-laufcup.de\/index.php?rest_route=%2Fwp%2Fv2%2Fcomments&post=708"}],"version-history":[{"count":8,"href":"https:\/\/www.volksbanken-laufcup.de\/index.php?rest_route=\/wp\/v2\/pages\/708\/revisions"}],"predecessor-version":[{"id":719,"href":"https:\/\/www.volksbanken-laufcup.de\/index.php?rest_route=\/wp\/v2\/pages\/708\/revisions\/719"}],"wp:attachment":[{"href":"https:\/\/www.volksbanken-laufcup.de\/index.php?rest_route=%2Fwp%2Fv2%2Fmedia&parent=708"}],"curies":[{"name":"wp","href":"https:\/\/api.w.org\/{rel}","templated":true}]}}