{"id":559,"date":"2016-01-02T16:31:44","date_gmt":"2016-01-02T15:31:44","guid":{"rendered":"http:\/\/www.volksbanken-laufcup.de\/?page_id=559"},"modified":"2016-01-02T16:36:10","modified_gmt":"2016-01-02T15:36:10","slug":"ergebnisse-vom-silvesterlauf-2","status":"publish","type":"page","link":"https:\/\/www.volksbanken-laufcup.de\/?page_id=559","title":{"rendered":"Ergebnisse vom Silvesterlauf"},"content":{"rendered":"<p><span style=\"color: #ff6600;\"><a style=\"color: #ff6600;\" href=\"http:\/\/www.volksbanken-laufcup.de\/wp-content\/uploads\/2016\/01\/10-Km-Frauen-M\u00fchlen.pdf\" target=\"_blank\">10 Km Frauen M\u00fchlen<\/a><a href=\"http:\/\/www.volksbanken-laufcup.de\/wp-content\/uploads\/2016\/01\/Silvesterlauf2-e1451748222438.jpg\"><img decoding=\"async\" loading=\"lazy\" class=\"size-full wp-image-553 alignright\" src=\"http:\/\/www.volksbanken-laufcup.de\/wp-content\/uploads\/2016\/01\/Silvesterlauf2-e1451748222438.jpg\" alt=\"Silvesterlauf2\" width=\"400\" height=\"281\" \/><\/a><\/span><\/p>\n<p><span style=\"color: #ff6600;\"><a style=\"color: #ff6600;\" href=\"http:\/\/www.volksbanken-laufcup.de\/wp-content\/uploads\/2016\/01\/10-Km-M\u00e4nner-M\u00fchlen.pdf\" target=\"_blank\">10 Km M\u00e4nner M\u00fchlen<\/a><\/span><\/p>\n<p>Bei den Listen sind zum besseren \u00dcberblick alle Teilnehmer der L\u00e4ufe aufgef\u00fchrt also nicht nur Teilnehmer am Cup<\/p>\n","protected":false},"excerpt":{"rendered":"<p>10 Km Frauen M\u00fchlen 10 Km M\u00e4nner M\u00fchlen Bei den Listen sind zum besseren \u00dcberblick alle Teilnehmer der L\u00e4ufe aufgef\u00fchrt also nicht nur Teilnehmer am Cup<\/p>\n","protected":false},"author":4,"featured_media":0,"parent":0,"menu_order":0,"comment_status":"closed","ping_status":"closed","template":"","meta":{"footnotes":""},"_links":{"self":[{"href":"https:\/\/www.volksbanken-laufcup.de\/index.php?rest_route=\/wp\/v2\/pages\/559"}],"collection":[{"href":"https:\/\/www.volksbanken-laufcup.de\/index.php?rest_route=\/wp\/v2\/pages"}],"about":[{"href":"https:\/\/www.volksbanken-laufcup.de\/index.php?rest_route=\/wp\/v2\/types\/page"}],"author":[{"embeddable":true,"href":"https:\/\/www.volksbanken-laufcup.de\/index.php?rest_route=\/wp\/v2\/users\/4"}],"replies":[{"embeddable":true,"href":"https:\/\/www.volksbanken-laufcup.de\/index.php?rest_route=%2Fwp%2Fv2%2Fcomments&post=559"}],"version-history":[{"count":2,"href":"https:\/\/www.volksbanken-laufcup.de\/index.php?rest_route=\/wp\/v2\/pages\/559\/revisions"}],"predecessor-version":[{"id":563,"href":"https:\/\/www.volksbanken-laufcup.de\/index.php?rest_route=\/wp\/v2\/pages\/559\/revisions\/563"}],"wp:attachment":[{"href":"https:\/\/www.volksbanken-laufcup.de\/index.php?rest_route=%2Fwp%2Fv2%2Fmedia&parent=559"}],"curies":[{"name":"wp","href":"https:\/\/api.w.org\/{rel}","templated":true}]}}