{"id":398,"date":"2015-09-22T19:31:42","date_gmt":"2015-09-22T17:31:42","guid":{"rendered":"http:\/\/www.volksbanken-laufcup.de\/?page_id=398"},"modified":"2015-09-22T19:36:28","modified_gmt":"2015-09-22T17:36:28","slug":"ergebnisse-waldlauf-vechta","status":"publish","type":"page","link":"https:\/\/www.volksbanken-laufcup.de\/?page_id=398","title":{"rendered":"Ergebnisse Waldlauf Vechta"},"content":{"rendered":"<p><span style=\"color: #ff6600;\"><a style=\"color: #ff6600;\" href=\"http:\/\/www.volksbanken-laufcup.de\/wp-content\/uploads\/2015\/09\/10-Km-Frauen-Vechta.pdf\" target=\"_blank\">10 Km Frauen Vechta<\/a><a href=\"http:\/\/www.volksbanken-laufcup.de\/wp-content\/uploads\/2015\/09\/Waldlauf_Vechta2-e1442943357780.jpg\"><img decoding=\"async\" loading=\"lazy\" class=\"size-full wp-image-405 alignright\" src=\"http:\/\/www.volksbanken-laufcup.de\/wp-content\/uploads\/2015\/09\/Waldlauf_Vechta2-e1442943357780.jpg\" alt=\"Waldlauf_Vechta2\" width=\"400\" height=\"226\" \/><\/a><\/span><\/p>\n<p><span style=\"color: #ff6600;\"><a style=\"color: #ff6600;\" href=\"http:\/\/www.volksbanken-laufcup.de\/wp-content\/uploads\/2015\/09\/10-Km-M\u00e4nner-Vechta.pdf\" target=\"_blank\">10 Km M\u00e4nner Vechta<\/a><\/span><\/p>\n<p><span style=\"color: #ff6600;\"><a style=\"color: #ff6600;\" href=\"http:\/\/www.volksbanken-laufcup.de\/wp-content\/uploads\/2015\/09\/21-Km-Frauen-Vechta.pdf\" target=\"_blank\">21 Km Frauen Vechta<\/a><\/span><\/p>\n<p><span style=\"color: #ff6600;\"><a style=\"color: #ff6600;\" href=\"http:\/\/www.volksbanken-laufcup.de\/wp-content\/uploads\/2015\/09\/21-Km-M\u00e4nner-Vechta.pdf\" target=\"_blank\">21 Km M\u00e4nner Vechta<\/a><\/span><\/p>\n<p>Bei den Listen sind zum besseren \u00dcberblick alle Teilnehmer der L\u00e4ufe aufgef\u00fchrt also nicht nur Teilnehmer am Cup<\/p>\n","protected":false},"excerpt":{"rendered":"<p>10 Km Frauen Vechta 10 Km M\u00e4nner Vechta 21 Km Frauen Vechta 21 Km M\u00e4nner Vechta Bei den Listen sind zum besseren \u00dcberblick alle Teilnehmer der L\u00e4ufe aufgef\u00fchrt also nicht nur Teilnehmer am Cup<\/p>\n","protected":false},"author":4,"featured_media":0,"parent":0,"menu_order":0,"comment_status":"closed","ping_status":"closed","template":"","meta":{"footnotes":""},"_links":{"self":[{"href":"https:\/\/www.volksbanken-laufcup.de\/index.php?rest_route=\/wp\/v2\/pages\/398"}],"collection":[{"href":"https:\/\/www.volksbanken-laufcup.de\/index.php?rest_route=\/wp\/v2\/pages"}],"about":[{"href":"https:\/\/www.volksbanken-laufcup.de\/index.php?rest_route=\/wp\/v2\/types\/page"}],"author":[{"embeddable":true,"href":"https:\/\/www.volksbanken-laufcup.de\/index.php?rest_route=\/wp\/v2\/users\/4"}],"replies":[{"embeddable":true,"href":"https:\/\/www.volksbanken-laufcup.de\/index.php?rest_route=%2Fwp%2Fv2%2Fcomments&post=398"}],"version-history":[{"count":3,"href":"https:\/\/www.volksbanken-laufcup.de\/index.php?rest_route=\/wp\/v2\/pages\/398\/revisions"}],"predecessor-version":[{"id":407,"href":"https:\/\/www.volksbanken-laufcup.de\/index.php?rest_route=\/wp\/v2\/pages\/398\/revisions\/407"}],"wp:attachment":[{"href":"https:\/\/www.volksbanken-laufcup.de\/index.php?rest_route=%2Fwp%2Fv2%2Fmedia&parent=398"}],"curies":[{"name":"wp","href":"https:\/\/api.w.org\/{rel}","templated":true}]}}