{"id":376,"date":"2015-09-01T20:02:41","date_gmt":"2015-09-01T18:02:41","guid":{"rendered":"http:\/\/www.volksbanken-laufcup.de\/?page_id=376"},"modified":"2015-09-01T20:24:56","modified_gmt":"2015-09-01T18:24:56","slug":"ergebnisse-moormarathon-goldenstedt","status":"publish","type":"page","link":"https:\/\/www.volksbanken-laufcup.de\/?page_id=376","title":{"rendered":"Ergebnisse Moormarathon Goldenstedt"},"content":{"rendered":"<p><span style=\"color: #ff6600;\"><a style=\"color: #ff6600;\" href=\"http:\/\/www.volksbanken-laufcup.de\/wp-content\/uploads\/2015\/09\/9-Km-Frauen-Goldenstedt.pdf\" target=\"_blank\">9 Km Frauen Goldenstedt<\/a><\/span><\/p>\n<p><span style=\"color: #ff6600;\"><a style=\"color: #ff6600;\" href=\"http:\/\/www.volksbanken-laufcup.de\/wp-content\/uploads\/2015\/09\/9-Km-M\u00e4nner-Goldenstedt.pdf\" target=\"_blank\">9 Km M\u00e4nner Goldenstedt<\/a><\/span><\/p>\n<p><span style=\"color: #ff6600;\"><a style=\"color: #ff6600;\" href=\"http:\/\/www.volksbanken-laufcup.de\/wp-content\/uploads\/2015\/09\/Halbmarathon-Frauen-Goldenstedt.pdf\" target=\"_blank\">Halbmarathon Frauen Goldenstedt<\/a><\/span><\/p>\n<p><span style=\"color: #ff6600;\"><a style=\"color: #ff6600;\" href=\"http:\/\/www.volksbanken-laufcup.de\/wp-content\/uploads\/2015\/09\/Halbmarathon-M\u00e4nner-Goldenstedt.pdf\" target=\"_blank\">Halbmarathon M\u00e4nner Goldenstedt<\/a><\/span><\/p>\n<p>Bei den Listen sind zum besseren \u00dcberblick alle Teilnehmer der L\u00e4ufe aufgef\u00fchrt also nicht nur Teilnehmer am Cup<\/p>\n","protected":false},"excerpt":{"rendered":"<p>9 Km Frauen Goldenstedt 9 Km M\u00e4nner Goldenstedt Halbmarathon Frauen Goldenstedt Halbmarathon M\u00e4nner Goldenstedt Bei den Listen sind zum besseren \u00dcberblick alle Teilnehmer der L\u00e4ufe aufgef\u00fchrt also nicht nur Teilnehmer am Cup<\/p>\n","protected":false},"author":4,"featured_media":0,"parent":0,"menu_order":0,"comment_status":"closed","ping_status":"closed","template":"","meta":{"footnotes":""},"_links":{"self":[{"href":"https:\/\/www.volksbanken-laufcup.de\/index.php?rest_route=\/wp\/v2\/pages\/376"}],"collection":[{"href":"https:\/\/www.volksbanken-laufcup.de\/index.php?rest_route=\/wp\/v2\/pages"}],"about":[{"href":"https:\/\/www.volksbanken-laufcup.de\/index.php?rest_route=\/wp\/v2\/types\/page"}],"author":[{"embeddable":true,"href":"https:\/\/www.volksbanken-laufcup.de\/index.php?rest_route=\/wp\/v2\/users\/4"}],"replies":[{"embeddable":true,"href":"https:\/\/www.volksbanken-laufcup.de\/index.php?rest_route=%2Fwp%2Fv2%2Fcomments&post=376"}],"version-history":[{"count":2,"href":"https:\/\/www.volksbanken-laufcup.de\/index.php?rest_route=\/wp\/v2\/pages\/376\/revisions"}],"predecessor-version":[{"id":386,"href":"https:\/\/www.volksbanken-laufcup.de\/index.php?rest_route=\/wp\/v2\/pages\/376\/revisions\/386"}],"wp:attachment":[{"href":"https:\/\/www.volksbanken-laufcup.de\/index.php?rest_route=%2Fwp%2Fv2%2Fmedia&parent=376"}],"curies":[{"name":"wp","href":"https:\/\/api.w.org\/{rel}","templated":true}]}}