{"id":301,"date":"2015-07-21T19:32:57","date_gmt":"2015-07-21T17:32:57","guid":{"rendered":"http:\/\/www.volksbanken-laufcup.de\/?page_id=301"},"modified":"2015-07-21T19:56:05","modified_gmt":"2015-07-21T17:56:05","slug":"wertungen-handorf-langenberg","status":"publish","type":"page","link":"https:\/\/www.volksbanken-laufcup.de\/?page_id=301","title":{"rendered":"Wertungen Handorf-Langenberg"},"content":{"rendered":"<p><span style=\"color: #ff6600;\"><a style=\"color: #ff6600;\" href=\"http:\/\/www.volksbanken-laufcup.de\/?page_id=303\">5\u00a0 KM Lauf Frauen<\/a><a href=\"http:\/\/www.volksbanken-laufcup.de\/wp-content\/uploads\/2015\/07\/Start-e1437501128323.jpg\"><img decoding=\"async\" loading=\"lazy\" class=\" size-full wp-image-320 alignright\" src=\"http:\/\/www.volksbanken-laufcup.de\/wp-content\/uploads\/2015\/07\/Start-e1437501128323.jpg\" alt=\"Start\" width=\"400\" height=\"267\" \/><\/a><\/span><\/p>\n<p><span style=\"color: #ff6600;\"><a style=\"color: #ff6600;\" href=\"http:\/\/www.volksbanken-laufcup.de\/?page_id=305\">10 KM Lauf Frauen<\/a><\/span><\/p>\n<p><span style=\"color: #ff6600;\"><a style=\"color: #ff6600;\" href=\"http:\/\/www.volksbanken-laufcup.de\/?page_id=307\">5\u00a0 KM Lauf M\u00e4nner<\/a><\/span><\/p>\n<p><span style=\"color: #ff6600;\"><a style=\"color: #ff6600;\" href=\"http:\/\/www.volksbanken-laufcup.de\/?page_id=309\">10 KM Lauf M\u00e4nner<\/a><\/span><\/p>\n<p>Bei den Aufstellungen sind zum besseren \u00dcberblick alle Teilnehmer der L\u00e4ufe aufgef\u00fchrt also nicht nur Teilnehmer am Cup<\/p>\n","protected":false},"excerpt":{"rendered":"<p>5\u00a0 KM Lauf Frauen 10 KM Lauf Frauen 5\u00a0 KM Lauf M\u00e4nner 10 KM Lauf M\u00e4nner Bei den Aufstellungen sind zum besseren \u00dcberblick alle Teilnehmer der L\u00e4ufe aufgef\u00fchrt also nicht nur Teilnehmer am Cup<\/p>\n","protected":false},"author":4,"featured_media":0,"parent":0,"menu_order":0,"comment_status":"closed","ping_status":"closed","template":"","meta":{"footnotes":""},"_links":{"self":[{"href":"https:\/\/www.volksbanken-laufcup.de\/index.php?rest_route=\/wp\/v2\/pages\/301"}],"collection":[{"href":"https:\/\/www.volksbanken-laufcup.de\/index.php?rest_route=\/wp\/v2\/pages"}],"about":[{"href":"https:\/\/www.volksbanken-laufcup.de\/index.php?rest_route=\/wp\/v2\/types\/page"}],"author":[{"embeddable":true,"href":"https:\/\/www.volksbanken-laufcup.de\/index.php?rest_route=\/wp\/v2\/users\/4"}],"replies":[{"embeddable":true,"href":"https:\/\/www.volksbanken-laufcup.de\/index.php?rest_route=%2Fwp%2Fv2%2Fcomments&post=301"}],"version-history":[{"count":4,"href":"https:\/\/www.volksbanken-laufcup.de\/index.php?rest_route=\/wp\/v2\/pages\/301\/revisions"}],"predecessor-version":[{"id":321,"href":"https:\/\/www.volksbanken-laufcup.de\/index.php?rest_route=\/wp\/v2\/pages\/301\/revisions\/321"}],"wp:attachment":[{"href":"https:\/\/www.volksbanken-laufcup.de\/index.php?rest_route=%2Fwp%2Fv2%2Fmedia&parent=301"}],"curies":[{"name":"wp","href":"https:\/\/api.w.org\/{rel}","templated":true}]}}