{"id":2952,"date":"2021-07-26T17:50:36","date_gmt":"2021-07-26T15:50:36","guid":{"rendered":"http:\/\/www.volksbanken-laufcup.de\/?page_id=2952"},"modified":"2022-09-05T14:11:39","modified_gmt":"2022-09-05T12:11:39","slug":"ausschreibung-2021-2022","status":"publish","type":"page","link":"https:\/\/www.volksbanken-laufcup.de\/?page_id=2952","title":{"rendered":"Ausschreibung 2022\/2023"},"content":{"rendered":"\n<p>Der Volksbanken-Laufcup ist eine Laufserie, in der Saison 2022\/2023 bestehend aus voraussichtlich 10 L\u00e4ufen.<\/p>\n\n\n\n<p>&#8211; Br\u00fcckenlauf (SFN Vechta)<br>&#8211; D\u00fcmmerlauf (SW Osterfeine)<br>&#8211; Crosslauf Damme (OSC Damme e.V.)<br>&#8211; Dinklager Adventslauf (Burgl\u00e4ufer Dinklage)<br>&#8211; Silvesterlauf M\u00fchlen (GW M\u00fchlen e.V.)<br>&#8211; Langf\u00f6rden (SW BW Langf\u00f6rden e.V.)<br>&#8211; Brockdorfer Volkslauf (GW Brockdorf)<br>&#8211; Steinfelder Sommerlauf (Gemeinde Steinfeld)<br>&#8211; Stadtlauf Damme (OSC Damme e.V.)<br>&#8211; Goldenstedter Moormarathon (F\u00f6rderverein Gold. Moor e.V.) <\/p>\n\n\n\n<p>Gef\u00f6rdert wird der Volksbanken-Laufcup von der Arbeitsgemeinschaft der Volksbanken im Kreis Vechta. Weiterer Sponsor ist der SW Osterfeine.<br>Die Siegerehrung des Volksbanken-Laufcup 2022\/2023 erfolgt im Sommer 2023 im Rahmen der Volksbanken-Laufcup-Abschlussveranstaltung, welche Veranstaltung dies sein wird, steht zurzeit noch nicht fest.<strong><br><br>Haftungsausschluss<\/strong><br>Bei den Veranstaltungen wird f\u00fcr Personen- und Sachsch\u00e4den keine Haftung \u00fcbernommen.<strong><br><br>Anmeldung<\/strong><br>Durch die Anmeldung beim Volksbanken-Laufcup auf der Anmeldeseite\u00a0<a rel=\"noreferrer noopener\" href=\"http:\/\/www.volksbanken-laufcup.de\/\" target=\"_blank\">www.volksbanken-laufcup.de<\/a>\u00a0sowie bei den o.g. Einzell\u00e4ufen erfolgt automatisch die Ber\u00fccksichtigung in der Gesamtwertung des Volksbanken-Laufcup 2022\/2023.<br>Bitte achten Sie bei der Angabe Ihrer Daten (Name, Jahrgang, Verein) f\u00fcr die Anmeldung bei den einzelnen Laufveranstaltungen auf eine einheitliche Schreibweise, um Sie in die Volksbanken-Laufcup-Wertung aufnehmen zu k\u00f6nnen.<br>Bei fehlerhaften Daten in den Ergebnislisten bitten wir, dies den Veranstaltern eigenverantwortlich mitzuteilen.<strong><br><br>Startgeld<\/strong><br>F\u00fcr die L\u00e4ufe im Rahmen des Volksbanken-Laufcup gelten die Startgeb\u00fchren des jeweiligen lokalen Veranstalters.<br>Die Anmeldung beim eigentlichen Volksbanken-Laufcup ist kostenlos.<strong><br><br>Wertung<\/strong><br>F\u00fcr die Volksbanken-Laufcup-Wertung m\u00fcssen von den insgesamt 10 L\u00e4ufen mindestens 5 erfolgreich beendet worden sein. Die Wertung erfolgt f\u00fcr Frauen und M\u00e4nner getrennt (zwei Ergebnislisten) sowie in dieser Saison NEU zus\u00e4tzlich nach Altersklassen.<br>F\u00fcr jeden Lauf werden entsprechend der Platzierung Punkte vergeben.<br>Diese werden wie folgt verteilt (NEU in der Saison 2022\/2023): \u00a0<br>Der 1. Platz (weiblich\/m\u00e4nnlich) erh\u00e4lt 50 Punkte, der 2. Platz 49 Punkte, der 3. Platz 48 Punkte usw. Jeder Teilnehmer, der den Lauf erfolgreich beendet, erh\u00e4lt aber mindestens 1 Punkt.<br>Die Addition der Punkte aus den 5 bestplatzierten L\u00e4ufen ergibt dann die Gesamtpunktzahl. Sieger\/in ist die L\u00e4uferin\/der L\u00e4ufer mit der h\u00f6chsten Gesamtpunktzahl.<br>Bei Punktgleichheit wird eine Platzierung doppelt, die n\u00e4chste nicht besetzt.<br>Der aktuelle Stand des Gesamtklassements f\u00fcr die Wertung im Volksbanken-Laufcup kann auf der Internetseite\u00a0<a rel=\"noreferrer noopener\" href=\"http:\/\/www.volksbanken-laufcup.de\/\" target=\"_blank\">www.volksbanken-laufcup.de<\/a>\u00a0eingesehen werden.<strong><br><br>Wichtig<\/strong><br>Die Organisatoren des Volksbanken-Laufcup sind nicht f\u00fcr die Zeitnahme zust\u00e4ndig. Dies erfolgt ausschlie\u00dflich durch die jeweiligen Laufveranstalter. Eine Wertung sollte nach sp\u00e4testens 8 Tagen nach jedem Lauf &#8222;online&#8220; sein.<strong><br><br>Siegerehrung<\/strong><br>Die 3 Erstplatzierten (m\/w) in der Gesamtwertung und in den Altersgruppen des Volksbanken-Laufcup erhalten Sachpreise. Jeder L\u00e4ufer, der mindestens 4 L\u00e4ufe von insgesamt 9 Laufveranstaltungen absolviert hat und somit in die Gesamtwertung gekommen ist, erh\u00e4lt bei der Abschlussveranstaltung im Sommer 2023 ein Event-Funktions-Laufshirt, Urkunden erhalten alle gewerteten Teilnehmer bei der Abschlussveranstaltung.<\/p>\n\n\n\n<p><\/p>\n","protected":false},"excerpt":{"rendered":"<p>Der Volksbanken-Laufcup ist eine Laufserie, in der Saison 2022\/2023 bestehend aus voraussichtlich 10 L\u00e4ufen. &#8211; Br\u00fcckenlauf (SFN Vechta)&#8211; D\u00fcmmerlauf (SW Osterfeine)&#8211; Crosslauf Damme (OSC Damme e.V.)&#8211; Dinklager Adventslauf (Burgl\u00e4ufer Dinklage)&#8211; Silvesterlauf M\u00fchlen (GW M\u00fchlen e.V.)&#8211; Langf\u00f6rden (SW BW Langf\u00f6rden e.V.)&#8211; Brockdorfer Volkslauf (GW Brockdorf)&#8211; Steinfelder Sommerlauf (Gemeinde Steinfeld)&#8211; Stadtlauf Damme (OSC Damme e.V.)&#8211; Goldenstedter Moormarathon [&hellip;]<\/p>\n","protected":false},"author":6,"featured_media":0,"parent":0,"menu_order":0,"comment_status":"closed","ping_status":"closed","template":"","meta":{"footnotes":""},"_links":{"self":[{"href":"https:\/\/www.volksbanken-laufcup.de\/index.php?rest_route=\/wp\/v2\/pages\/2952"}],"collection":[{"href":"https:\/\/www.volksbanken-laufcup.de\/index.php?rest_route=\/wp\/v2\/pages"}],"about":[{"href":"https:\/\/www.volksbanken-laufcup.de\/index.php?rest_route=\/wp\/v2\/types\/page"}],"author":[{"embeddable":true,"href":"https:\/\/www.volksbanken-laufcup.de\/index.php?rest_route=\/wp\/v2\/users\/6"}],"replies":[{"embeddable":true,"href":"https:\/\/www.volksbanken-laufcup.de\/index.php?rest_route=%2Fwp%2Fv2%2Fcomments&post=2952"}],"version-history":[{"count":6,"href":"https:\/\/www.volksbanken-laufcup.de\/index.php?rest_route=\/wp\/v2\/pages\/2952\/revisions"}],"predecessor-version":[{"id":3249,"href":"https:\/\/www.volksbanken-laufcup.de\/index.php?rest_route=\/wp\/v2\/pages\/2952\/revisions\/3249"}],"wp:attachment":[{"href":"https:\/\/www.volksbanken-laufcup.de\/index.php?rest_route=%2Fwp%2Fv2%2Fmedia&parent=2952"}],"curies":[{"name":"wp","href":"https:\/\/api.w.org\/{rel}","templated":true}]}}