{"id":2309,"date":"2019-04-01T22:08:38","date_gmt":"2019-04-01T20:08:38","guid":{"rendered":"http:\/\/www.volksbanken-laufcup.de\/?page_id=2309"},"modified":"2022-09-01T09:39:36","modified_gmt":"2022-09-01T07:39:36","slug":"orgateam-neu-2","status":"publish","type":"page","link":"https:\/\/www.volksbanken-laufcup.de\/?page_id=2309","title":{"rendered":"Orgateam"},"content":{"rendered":"\n<p>Auf vielfachen Wunsch stellt sich das Orga \u2013 Team des Volksbanken-Laufcup kurz vor:<\/p>\n\n\n\n<p>Ich <strong>Franz Steinkamp<\/strong> aus Damme, Jahrgang 1967 bin vor 10 Jahren mit dem laufen angefangen. Seit 6 Jahren bin ich im Lauftreff SW Osterfeine aktiv, wo ich mich sehr wohl f\u00fchle. Im Jahr nehme ich an ca. 20 Laufveranstaltungen von 3 km bis 42 km teil. An den Laufveranstaltungen gef\u00e4llt mir besonders, dass die L\u00e4uferinnen und L\u00e4ufer so fair und freundlich miteinander umgehen, egal welchem Lauftreff sie angeh\u00f6ren.<\/p>\n\n\n\n<p>Ich <strong>Antonius Schr\u00f6er <\/strong>aus Vechta, Jahrgang 1961, laufe seit vielen Jahren. Der Voba-Laufcup &#8211; von dem ich noch keinen Lauf verpasst habe &#8211; liegt mir sehr am Herzen, da er alle L\u00e4uferInnen der Region wunderbar zusammenf\u00fchrt. Neben dem Laufen organisiere ich die Facebook und Instragramseite ,Laufen im OM&#8216; und freue mich auf viele Bilder und Berichte \u00fcber den Voba-Laufcup.<\/p>\n\n\n\n<p>Ich, <strong>Markus B. Klene<\/strong>, aus Damme, habe 2015 anl\u00e4sslich des Volksbanken-Laufcups (wieder) mit dem Laufen angefangen und nehme seitdem gerne an vielen Laufveranstaltungen hier in der Gegend teil. Von anf\u00e4nglich 5 Kilometern, die mich schon sehr zum Pusten gebracht haben, habe ich mich langsam bis zum Marathon &#8222;vorgearbeitet&#8220;. Meine ersten offiziellen 42,195 Kilometer konnte ich 2016 beim Remmers-Hasetal-Marathon erfolgreich abschlie\u00dfen.<\/p>\n","protected":false},"excerpt":{"rendered":"<p>Auf vielfachen Wunsch stellt sich das Orga \u2013 Team des Volksbanken-Laufcup kurz vor: Ich Franz Steinkamp aus Damme, Jahrgang 1967 bin vor 10 Jahren mit dem laufen angefangen. Seit 6 Jahren bin ich im Lauftreff SW Osterfeine aktiv, wo ich mich sehr wohl f\u00fchle. Im Jahr nehme ich an ca. 20 Laufveranstaltungen von 3 km [&hellip;]<\/p>\n","protected":false},"author":4,"featured_media":0,"parent":0,"menu_order":0,"comment_status":"closed","ping_status":"closed","template":"","meta":{"footnotes":""},"_links":{"self":[{"href":"https:\/\/www.volksbanken-laufcup.de\/index.php?rest_route=\/wp\/v2\/pages\/2309"}],"collection":[{"href":"https:\/\/www.volksbanken-laufcup.de\/index.php?rest_route=\/wp\/v2\/pages"}],"about":[{"href":"https:\/\/www.volksbanken-laufcup.de\/index.php?rest_route=\/wp\/v2\/types\/page"}],"author":[{"embeddable":true,"href":"https:\/\/www.volksbanken-laufcup.de\/index.php?rest_route=\/wp\/v2\/users\/4"}],"replies":[{"embeddable":true,"href":"https:\/\/www.volksbanken-laufcup.de\/index.php?rest_route=%2Fwp%2Fv2%2Fcomments&post=2309"}],"version-history":[{"count":9,"href":"https:\/\/www.volksbanken-laufcup.de\/index.php?rest_route=\/wp\/v2\/pages\/2309\/revisions"}],"predecessor-version":[{"id":3229,"href":"https:\/\/www.volksbanken-laufcup.de\/index.php?rest_route=\/wp\/v2\/pages\/2309\/revisions\/3229"}],"wp:attachment":[{"href":"https:\/\/www.volksbanken-laufcup.de\/index.php?rest_route=%2Fwp%2Fv2%2Fmedia&parent=2309"}],"curies":[{"name":"wp","href":"https:\/\/api.w.org\/{rel}","templated":true}]}}