{"id":2304,"date":"2019-04-01T22:04:13","date_gmt":"2019-04-01T20:04:13","guid":{"rendered":"http:\/\/www.volksbanken-laufcup.de\/?page_id=2304"},"modified":"2022-09-05T13:55:04","modified_gmt":"2022-09-05T11:55:04","slug":"willkommen-2019","status":"publish","type":"page","link":"https:\/\/www.volksbanken-laufcup.de\/?page_id=2304","title":{"rendered":"Willkommen"},"content":{"rendered":"\n<p class=\"has-medium-font-size\">Volksbanken \u2013 Laufcup geht in die 8. Runde<\/p>\n\n\n\n<figure class=\"wp-block-image is-resized\"><img decoding=\"async\" loading=\"lazy\" src=\"http:\/\/www.volksbanken-laufcup.de\/wp-content\/uploads\/2019\/04\/Crosslauf-Damme1-1024x683.jpg\" alt=\"\" class=\"wp-image-2323\" width=\"466\" height=\"310\" srcset=\"https:\/\/www.volksbanken-laufcup.de\/wp-content\/uploads\/2019\/04\/Crosslauf-Damme1-1024x683.jpg 1024w, https:\/\/www.volksbanken-laufcup.de\/wp-content\/uploads\/2019\/04\/Crosslauf-Damme1-300x200.jpg 300w, https:\/\/www.volksbanken-laufcup.de\/wp-content\/uploads\/2019\/04\/Crosslauf-Damme1-768x512.jpg 768w, https:\/\/www.volksbanken-laufcup.de\/wp-content\/uploads\/2019\/04\/Crosslauf-Damme1-150x100.jpg 150w\" sizes=\"(max-width: 466px) 100vw, 466px\" \/><\/figure>\n\n\n\n<p class=\"has-medium-font-size\">Der Volksbanken-Laufcup wird dank der Unterst\u00fctzung Arbeitsgemeinschaft der Volksbanken im Kreis Vechta auch in der Saison 2022\/2023 fortgef\u00fchrt.<\/p>\n\n\n\n<p class=\"has-medium-font-size\">Alle interessierten Hobbyl\u00e4ufer*Innen k\u00f6nnen sich anmelden und \u00fcber einen Zeitraum von einem Jahr an 10 verschiedenen Wertungsl\u00e4ufen teilnehmen. (Alle Veranstalter behalten sich vor, ihre Laufveranstaltungen abzusagen, sofern die Corona-Lage es erforderlich macht. Ebenso kann es sein, dass sich die jeweiligen Laufevents zeitlich verschieben.)\u00a0Von diesen 10 L\u00e4ufen sind 5 L\u00e4ufe zu absolvieren, um in die Wertung zu gelangen. Jedem\/r erfolgreichen Teilnehmer\/in winkt auf der Abschlussveranstaltung im Sommer 2023 ein kostenloses Funktionsshirt mit entsprechendem Event-Aufdruck. Dies ist genauso kostenfrei wie die gesamte Veranstaltung, die sich dank Sponsoren zu 100% selbst tr\u00e4gt.<\/p>\n\n\n\n<p class=\"has-medium-font-size\">Wie in 2021\/2022 gibt es auch wieder eine Wertung nach Altersklassen!<\/p>\n\n\n\n<p class=\"has-medium-font-size\">Die geringste Wertungsdistanz betr\u00e4gt je nach Lauf 3 km, die l\u00e4ngste Distanz 21,1 km. Weitere Strecken stehen je nach Veranstaltung zur Auswahl. Diese sind unter der Rubrik &#8222;Laufkalender&#8220; zu finden.<\/p>\n\n\n\n<p class=\"has-medium-font-size\">Startgelder werden vor Ort von den jeweiligen Veranstaltern -die meist die \u00f6rtlichen Sportvereine sind- erhoben und flie\u00dfen zum Teil der SgH-Aktion (Sportler gegen Hunger) zu.<\/p>\n\n\n\n<p class=\"has-medium-font-size\">Wir freuen uns auf zahlreiche Anmeldungen und viele tolle, gemeinsame L\u00e4ufe!<\/p>\n\n\n\n<p class=\"has-medium-font-size\">Allen Teilnehmern somit viel Spa\u00df, ein verletzungsfreies &#8222;Wettkampfjahr&#8220; sowie vor Ort ein tolles Laufevent.<\/p>\n\n\n\n<p class=\"has-medium-font-size\">Das Orga Team<br>Antonius und Franz<\/p>\n","protected":false},"excerpt":{"rendered":"<p>Volksbanken \u2013 Laufcup geht in die 8. Runde Der Volksbanken-Laufcup wird dank der Unterst\u00fctzung Arbeitsgemeinschaft der Volksbanken im Kreis Vechta auch in der Saison 2022\/2023 fortgef\u00fchrt. Alle interessierten Hobbyl\u00e4ufer*Innen k\u00f6nnen sich anmelden und \u00fcber einen Zeitraum von einem Jahr an 10 verschiedenen Wertungsl\u00e4ufen teilnehmen. (Alle Veranstalter behalten sich vor, ihre Laufveranstaltungen abzusagen, sofern die Corona-Lage [&hellip;]<\/p>\n","protected":false},"author":4,"featured_media":0,"parent":0,"menu_order":0,"comment_status":"closed","ping_status":"closed","template":"","meta":{"footnotes":""},"_links":{"self":[{"href":"https:\/\/www.volksbanken-laufcup.de\/index.php?rest_route=\/wp\/v2\/pages\/2304"}],"collection":[{"href":"https:\/\/www.volksbanken-laufcup.de\/index.php?rest_route=\/wp\/v2\/pages"}],"about":[{"href":"https:\/\/www.volksbanken-laufcup.de\/index.php?rest_route=\/wp\/v2\/types\/page"}],"author":[{"embeddable":true,"href":"https:\/\/www.volksbanken-laufcup.de\/index.php?rest_route=\/wp\/v2\/users\/4"}],"replies":[{"embeddable":true,"href":"https:\/\/www.volksbanken-laufcup.de\/index.php?rest_route=%2Fwp%2Fv2%2Fcomments&post=2304"}],"version-history":[{"count":17,"href":"https:\/\/www.volksbanken-laufcup.de\/index.php?rest_route=\/wp\/v2\/pages\/2304\/revisions"}],"predecessor-version":[{"id":3243,"href":"https:\/\/www.volksbanken-laufcup.de\/index.php?rest_route=\/wp\/v2\/pages\/2304\/revisions\/3243"}],"wp:attachment":[{"href":"https:\/\/www.volksbanken-laufcup.de\/index.php?rest_route=%2Fwp%2Fv2%2Fmedia&parent=2304"}],"curies":[{"name":"wp","href":"https:\/\/api.w.org\/{rel}","templated":true}]}}