{"id":1957,"date":"2018-10-21T13:46:26","date_gmt":"2018-10-21T11:46:26","guid":{"rendered":"http:\/\/www.volksbanken-laufcup.de\/?page_id=1957"},"modified":"2018-10-27T08:38:42","modified_gmt":"2018-10-27T06:38:42","slug":"ergebnisse-waldlauf-vechta-4","status":"publish","type":"page","link":"https:\/\/www.volksbanken-laufcup.de\/?page_id=1957","title":{"rendered":"Ergebnisse Waldlauf Vechta"},"content":{"rendered":"<p><span style=\"color: #ff6600;\"><a style=\"color: #ff6600;\" href=\"http:\/\/www.volksbanken-laufcup.de\/wp-content\/uploads\/2018\/10\/Waldlauf-Vechta-Frauen-5-Km.pdf\" target=\"_blank\" rel=\"noopener\">Waldlauf Vechta Frauen 5 Km<\/a><\/span><a href=\"http:\/\/www.volksbanken-laufcup.de\/wp-content\/uploads\/2018\/10\/Vechta-Wald2.jpg\"><img decoding=\"async\" loading=\"lazy\" class=\" wp-image-1964 alignright\" src=\"http:\/\/www.volksbanken-laufcup.de\/wp-content\/uploads\/2018\/10\/Vechta-Wald2.jpg\" alt=\"\" width=\"444\" height=\"528\" srcset=\"https:\/\/www.volksbanken-laufcup.de\/wp-content\/uploads\/2018\/10\/Vechta-Wald2.jpg 645w, https:\/\/www.volksbanken-laufcup.de\/wp-content\/uploads\/2018\/10\/Vechta-Wald2-252x300.jpg 252w, https:\/\/www.volksbanken-laufcup.de\/wp-content\/uploads\/2018\/10\/Vechta-Wald2-126x150.jpg 126w\" sizes=\"(max-width: 444px) 100vw, 444px\" \/><\/a><\/p>\n<p><span style=\"color: #ff6600;\"><a style=\"color: #ff6600;\" href=\"http:\/\/www.volksbanken-laufcup.de\/wp-content\/uploads\/2018\/10\/Waldlauf-Vechta-Frauen-10-Km.pdf\" target=\"_blank\" rel=\"noopener\">Waldlauf Vechta Frauen 10 Km<\/a><\/span><\/p>\n<p><span style=\"color: #ff6600;\"><a style=\"color: #ff6600;\" href=\"http:\/\/www.volksbanken-laufcup.de\/wp-content\/uploads\/2018\/10\/Waldlauf-Vechta-Frauen-21-Km.pdf\" target=\"_blank\" rel=\"noopener\">Waldlauf Vechta Frauen 21 Km<\/a><\/span><\/p>\n<p><span style=\"color: #ff6600;\"><a style=\"color: #ff6600;\" href=\"http:\/\/www.volksbanken-laufcup.de\/wp-content\/uploads\/2018\/10\/Waldlauf-Vechta-M\u00e4nner-5-Km.pdf\" target=\"_blank\" rel=\"noopener\">Waldlauf Vechta M\u00e4nner 5 Km<\/a><\/span><\/p>\n<p><span style=\"color: #ff6600;\"><a style=\"color: #ff6600;\" href=\"http:\/\/www.volksbanken-laufcup.de\/wp-content\/uploads\/2018\/10\/Waldlauf-Vechta-M\u00e4nner-10-Km-1.pdf\" target=\"_blank\" rel=\"noopener\">Waldlauf Vechta M\u00e4nner 10 Km<\/a><\/span><\/p>\n<p><span style=\"color: #ff6600;\"><a style=\"color: #ff6600;\" href=\"http:\/\/www.volksbanken-laufcup.de\/wp-content\/uploads\/2018\/10\/Waldlauf-Vechta-M\u00e4nner-21-Km.pdf\" target=\"_blank\" rel=\"noopener\">Waldlauf Vechta M\u00e4nner 21 Km<\/a><\/span><\/p>\n","protected":false},"excerpt":{"rendered":"<p>Waldlauf Vechta Frauen 5 Km Waldlauf Vechta Frauen 10 Km Waldlauf Vechta Frauen 21 Km Waldlauf Vechta M\u00e4nner 5 Km Waldlauf Vechta M\u00e4nner 10 Km Waldlauf Vechta M\u00e4nner 21 Km<\/p>\n","protected":false},"author":4,"featured_media":0,"parent":0,"menu_order":0,"comment_status":"closed","ping_status":"closed","template":"","meta":{"footnotes":""},"_links":{"self":[{"href":"https:\/\/www.volksbanken-laufcup.de\/index.php?rest_route=\/wp\/v2\/pages\/1957"}],"collection":[{"href":"https:\/\/www.volksbanken-laufcup.de\/index.php?rest_route=\/wp\/v2\/pages"}],"about":[{"href":"https:\/\/www.volksbanken-laufcup.de\/index.php?rest_route=\/wp\/v2\/types\/page"}],"author":[{"embeddable":true,"href":"https:\/\/www.volksbanken-laufcup.de\/index.php?rest_route=\/wp\/v2\/users\/4"}],"replies":[{"embeddable":true,"href":"https:\/\/www.volksbanken-laufcup.de\/index.php?rest_route=%2Fwp%2Fv2%2Fcomments&post=1957"}],"version-history":[{"count":3,"href":"https:\/\/www.volksbanken-laufcup.de\/index.php?rest_route=\/wp\/v2\/pages\/1957\/revisions"}],"predecessor-version":[{"id":1992,"href":"https:\/\/www.volksbanken-laufcup.de\/index.php?rest_route=\/wp\/v2\/pages\/1957\/revisions\/1992"}],"wp:attachment":[{"href":"https:\/\/www.volksbanken-laufcup.de\/index.php?rest_route=%2Fwp%2Fv2%2Fmedia&parent=1957"}],"curies":[{"name":"wp","href":"https:\/\/api.w.org\/{rel}","templated":true}]}}