{"id":1920,"date":"2018-10-10T19:23:06","date_gmt":"2018-10-10T17:23:06","guid":{"rendered":"http:\/\/www.volksbanken-laufcup.de\/?page_id=1920"},"modified":"2018-10-10T19:23:06","modified_gmt":"2018-10-10T17:23:06","slug":"ergebnisse-duemmerlauf-3","status":"publish","type":"page","link":"https:\/\/www.volksbanken-laufcup.de\/?page_id=1920","title":{"rendered":"Ergebnisse D\u00fcmmerlauf"},"content":{"rendered":"<p><span style=\"color: #ff6600;\"><a style=\"color: #ff6600;\" href=\"http:\/\/www.volksbanken-laufcup.de\/wp-content\/uploads\/2018\/10\/D\u00fcmmerlauf-Frauen-66-Km.pdf\" target=\"_blank\" rel=\"noopener\">D\u00fcmmerlauf Frauen 6,6 Km<\/a><a href=\"http:\/\/www.volksbanken-laufcup.de\/wp-content\/uploads\/2018\/10\/D\u00fcmmer2.jpg\"><img decoding=\"async\" loading=\"lazy\" class=\" wp-image-1927 alignright\" src=\"http:\/\/www.volksbanken-laufcup.de\/wp-content\/uploads\/2018\/10\/D\u00fcmmer2.jpg\" alt=\"\" width=\"654\" height=\"434\" srcset=\"https:\/\/www.volksbanken-laufcup.de\/wp-content\/uploads\/2018\/10\/D\u00fcmmer2.jpg 2144w, https:\/\/www.volksbanken-laufcup.de\/wp-content\/uploads\/2018\/10\/D\u00fcmmer2-300x199.jpg 300w, https:\/\/www.volksbanken-laufcup.de\/wp-content\/uploads\/2018\/10\/D\u00fcmmer2-768x510.jpg 768w, https:\/\/www.volksbanken-laufcup.de\/wp-content\/uploads\/2018\/10\/D\u00fcmmer2-1024x680.jpg 1024w, https:\/\/www.volksbanken-laufcup.de\/wp-content\/uploads\/2018\/10\/D\u00fcmmer2-150x100.jpg 150w\" sizes=\"(max-width: 654px) 100vw, 654px\" \/><\/a><\/span><\/p>\n<p><span style=\"color: #ff6600;\"><a style=\"color: #ff6600;\" href=\"http:\/\/www.volksbanken-laufcup.de\/wp-content\/uploads\/2018\/10\/D\u00fcmmerlauf-Frauen-10-Km.pdf\" target=\"_blank\" rel=\"noopener\">D\u00fcmmerlauf Frauen 10 Km<\/a><\/span><\/p>\n<p><span style=\"color: #ff6600;\"><a style=\"color: #ff6600;\" href=\"http:\/\/www.volksbanken-laufcup.de\/wp-content\/uploads\/2018\/10\/D\u00fcmmerlauf-Frauen-18-Km.pdf\" target=\"_blank\" rel=\"noopener\">D\u00fcmmerlauf Frauen 18 Km<\/a><\/span><\/p>\n<p><span style=\"color: #ff6600;\"><a style=\"color: #ff6600;\" href=\"http:\/\/www.volksbanken-laufcup.de\/wp-content\/uploads\/2018\/10\/D\u00fcmmerlauf-M\u00e4nner-66-Km.pdf\" target=\"_blank\" rel=\"noopener\">D\u00fcmmerlauf M\u00e4nner 6,6 Km<\/a><\/span><\/p>\n<p><span style=\"color: #ff6600;\"><a style=\"color: #ff6600;\" href=\"http:\/\/www.volksbanken-laufcup.de\/wp-content\/uploads\/2018\/10\/D\u00fcmmerlauf-M\u00e4nner-10-Km.pdf\" target=\"_blank\" rel=\"noopener\">D\u00fcmmerlauf M\u00e4nner 10 Km<\/a><\/span><\/p>\n<p><span style=\"color: #ff6600;\"><a style=\"color: #ff6600;\" href=\"http:\/\/www.volksbanken-laufcup.de\/wp-content\/uploads\/2018\/10\/D\u00fcmmerlauf-M\u00e4nner-18-Km.pdf\" target=\"_blank\" rel=\"noopener\">D\u00fcmmerlauf M\u00e4nner 18 Km<\/a><\/span><\/p>\n","protected":false},"excerpt":{"rendered":"<p>D\u00fcmmerlauf Frauen 6,6 Km D\u00fcmmerlauf Frauen 10 Km D\u00fcmmerlauf Frauen 18 Km D\u00fcmmerlauf M\u00e4nner 6,6 Km D\u00fcmmerlauf M\u00e4nner 10 Km D\u00fcmmerlauf M\u00e4nner 18 Km<\/p>\n","protected":false},"author":4,"featured_media":0,"parent":0,"menu_order":0,"comment_status":"closed","ping_status":"closed","template":"","meta":{"footnotes":""},"_links":{"self":[{"href":"https:\/\/www.volksbanken-laufcup.de\/index.php?rest_route=\/wp\/v2\/pages\/1920"}],"collection":[{"href":"https:\/\/www.volksbanken-laufcup.de\/index.php?rest_route=\/wp\/v2\/pages"}],"about":[{"href":"https:\/\/www.volksbanken-laufcup.de\/index.php?rest_route=\/wp\/v2\/types\/page"}],"author":[{"embeddable":true,"href":"https:\/\/www.volksbanken-laufcup.de\/index.php?rest_route=\/wp\/v2\/users\/4"}],"replies":[{"embeddable":true,"href":"https:\/\/www.volksbanken-laufcup.de\/index.php?rest_route=%2Fwp%2Fv2%2Fcomments&post=1920"}],"version-history":[{"count":2,"href":"https:\/\/www.volksbanken-laufcup.de\/index.php?rest_route=\/wp\/v2\/pages\/1920\/revisions"}],"predecessor-version":[{"id":1929,"href":"https:\/\/www.volksbanken-laufcup.de\/index.php?rest_route=\/wp\/v2\/pages\/1920\/revisions\/1929"}],"wp:attachment":[{"href":"https:\/\/www.volksbanken-laufcup.de\/index.php?rest_route=%2Fwp%2Fv2%2Fmedia&parent=1920"}],"curies":[{"name":"wp","href":"https:\/\/api.w.org\/{rel}","templated":true}]}}