{"id":1879,"date":"2018-09-02T16:13:08","date_gmt":"2018-09-02T14:13:08","guid":{"rendered":"http:\/\/www.volksbanken-laufcup.de\/?page_id=1879"},"modified":"2018-09-02T16:13:08","modified_gmt":"2018-09-02T14:13:08","slug":"ergebnisse-goldenstedt-2","status":"publish","type":"page","link":"https:\/\/www.volksbanken-laufcup.de\/?page_id=1879","title":{"rendered":"Ergebnisse Goldenstedt"},"content":{"rendered":"<p><span style=\"color: #ff9900;\"><a style=\"color: #ff9900;\" href=\"http:\/\/www.volksbanken-laufcup.de\/wp-content\/uploads\/2018\/09\/Goldenstedt-3-Km-Frauen.pdf\" target=\"_blank\" rel=\"noopener\">Goldenstedt 3 Km Frauen<\/a><a href=\"http:\/\/www.volksbanken-laufcup.de\/wp-content\/uploads\/2018\/09\/Goldenstedt1.jpg\"><img decoding=\"async\" loading=\"lazy\" class=\" wp-image-1886 alignright\" src=\"http:\/\/www.volksbanken-laufcup.de\/wp-content\/uploads\/2018\/09\/Goldenstedt1.jpg\" alt=\"\" width=\"716\" height=\"387\" srcset=\"https:\/\/www.volksbanken-laufcup.de\/wp-content\/uploads\/2018\/09\/Goldenstedt1.jpg 2048w, https:\/\/www.volksbanken-laufcup.de\/wp-content\/uploads\/2018\/09\/Goldenstedt1-300x162.jpg 300w, https:\/\/www.volksbanken-laufcup.de\/wp-content\/uploads\/2018\/09\/Goldenstedt1-768x415.jpg 768w, https:\/\/www.volksbanken-laufcup.de\/wp-content\/uploads\/2018\/09\/Goldenstedt1-1024x554.jpg 1024w, https:\/\/www.volksbanken-laufcup.de\/wp-content\/uploads\/2018\/09\/Goldenstedt1-150x81.jpg 150w\" sizes=\"(max-width: 716px) 100vw, 716px\" \/><\/a><\/span><\/p>\n<p><span style=\"color: #ff9900;\"><a style=\"color: #ff9900;\" href=\"http:\/\/www.volksbanken-laufcup.de\/wp-content\/uploads\/2018\/09\/Goldenstedt-9-Km-Frauen.pdf\" target=\"_blank\" rel=\"noopener\">Goldenstedt 9 Km Frauen<\/a><\/span><\/p>\n<p><span style=\"color: #ff9900;\"><a style=\"color: #ff9900;\" href=\"http:\/\/www.volksbanken-laufcup.de\/wp-content\/uploads\/2018\/09\/Goldenstedt-21-Km-Frauen.pdf\" target=\"_blank\" rel=\"noopener\">Goldenstedt 21 Km Frauen<\/a><\/span><\/p>\n<p><span style=\"color: #ff9900;\"><a style=\"color: #ff9900;\" href=\"http:\/\/www.volksbanken-laufcup.de\/wp-content\/uploads\/2018\/09\/Goldenstedt-3-Km-M\u00e4nner.pdf\" target=\"_blank\" rel=\"noopener\">Goldenstedt 3 Km M\u00e4nner<\/a><\/span><\/p>\n<p><span style=\"color: #ff9900;\"><a style=\"color: #ff9900;\" href=\"http:\/\/www.volksbanken-laufcup.de\/wp-content\/uploads\/2018\/09\/Goldenstedt-9-Km-M\u00e4nner.pdf\" target=\"_blank\" rel=\"noopener\">Goldenstedt 9 Km M\u00e4nner<\/a><\/span><\/p>\n<p><span style=\"color: #ff9900;\"><a style=\"color: #ff9900;\" href=\"http:\/\/www.volksbanken-laufcup.de\/wp-content\/uploads\/2018\/09\/Goldenstedt-21-Km-M\u00e4nner.pdf\" target=\"_blank\" rel=\"noopener\">Goldenstedt 21 Km M\u00e4nner<\/a><\/span><\/p>\n","protected":false},"excerpt":{"rendered":"<p>Goldenstedt 3 Km Frauen Goldenstedt 9 Km Frauen Goldenstedt 21 Km Frauen Goldenstedt 3 Km M\u00e4nner Goldenstedt 9 Km M\u00e4nner Goldenstedt 21 Km M\u00e4nner<\/p>\n","protected":false},"author":4,"featured_media":0,"parent":0,"menu_order":0,"comment_status":"closed","ping_status":"closed","template":"","meta":{"footnotes":""},"_links":{"self":[{"href":"https:\/\/www.volksbanken-laufcup.de\/index.php?rest_route=\/wp\/v2\/pages\/1879"}],"collection":[{"href":"https:\/\/www.volksbanken-laufcup.de\/index.php?rest_route=\/wp\/v2\/pages"}],"about":[{"href":"https:\/\/www.volksbanken-laufcup.de\/index.php?rest_route=\/wp\/v2\/types\/page"}],"author":[{"embeddable":true,"href":"https:\/\/www.volksbanken-laufcup.de\/index.php?rest_route=\/wp\/v2\/users\/4"}],"replies":[{"embeddable":true,"href":"https:\/\/www.volksbanken-laufcup.de\/index.php?rest_route=%2Fwp%2Fv2%2Fcomments&post=1879"}],"version-history":[{"count":1,"href":"https:\/\/www.volksbanken-laufcup.de\/index.php?rest_route=\/wp\/v2\/pages\/1879\/revisions"}],"predecessor-version":[{"id":1887,"href":"https:\/\/www.volksbanken-laufcup.de\/index.php?rest_route=\/wp\/v2\/pages\/1879\/revisions\/1887"}],"wp:attachment":[{"href":"https:\/\/www.volksbanken-laufcup.de\/index.php?rest_route=%2Fwp%2Fv2%2Fmedia&parent=1879"}],"curies":[{"name":"wp","href":"https:\/\/api.w.org\/{rel}","templated":true}]}}