{"id":1824,"date":"2018-07-28T13:04:46","date_gmt":"2018-07-28T11:04:46","guid":{"rendered":"http:\/\/www.volksbanken-laufcup.de\/?page_id=1824"},"modified":"2018-07-28T13:04:46","modified_gmt":"2018-07-28T11:04:46","slug":"ergebnisse-handorf-rund-um-die-dersaburg-2","status":"publish","type":"page","link":"https:\/\/www.volksbanken-laufcup.de\/?page_id=1824","title":{"rendered":"Ergebnisse Handorf &#8222;Rund um die Dersaburg&#8220;"},"content":{"rendered":"<p><span style=\"color: #ff6600;\"><a style=\"color: #ff6600;\" href=\"http:\/\/www.volksbanken-laufcup.de\/wp-content\/uploads\/2018\/07\/Handorf-Langenberg-Frauen-35-Km.pdf\" target=\"_blank\" rel=\"noopener\">Handorf Langenberg Frauen 3,5 Km<\/a><a href=\"http:\/\/www.volksbanken-laufcup.de\/wp-content\/uploads\/2018\/07\/Handorf2.jpg\"><img decoding=\"async\" loading=\"lazy\" class=\"size-full wp-image-1831 alignright\" src=\"http:\/\/www.volksbanken-laufcup.de\/wp-content\/uploads\/2018\/07\/Handorf2.jpg\" alt=\"\" width=\"620\" height=\"348\" srcset=\"https:\/\/www.volksbanken-laufcup.de\/wp-content\/uploads\/2018\/07\/Handorf2.jpg 620w, https:\/\/www.volksbanken-laufcup.de\/wp-content\/uploads\/2018\/07\/Handorf2-300x168.jpg 300w, https:\/\/www.volksbanken-laufcup.de\/wp-content\/uploads\/2018\/07\/Handorf2-150x84.jpg 150w\" sizes=\"(max-width: 620px) 100vw, 620px\" \/><\/a><\/span><\/p>\n<p><span style=\"color: #ff6600;\"><a style=\"color: #ff6600;\" href=\"http:\/\/www.volksbanken-laufcup.de\/wp-content\/uploads\/2018\/07\/Handorf-Langenberg-Frauen-5-Km.pdf\" target=\"_blank\" rel=\"noopener\">Handorf Langenberg Frauen 5 Km<\/a><\/span><\/p>\n<p><span style=\"color: #ff6600;\"><a style=\"color: #ff6600;\" href=\"http:\/\/www.volksbanken-laufcup.de\/wp-content\/uploads\/2018\/07\/Handorf-Langenberg-Frauen-10-Km.pdf\" target=\"_blank\" rel=\"noopener\">Handorf Langenberg Frauen 10 Km<\/a><\/span><\/p>\n<p><span style=\"color: #ff6600;\"><a style=\"color: #ff6600;\" href=\"http:\/\/www.volksbanken-laufcup.de\/wp-content\/uploads\/2018\/07\/Handorf-Langenberg-M\u00e4nner-35-Km.pdf\" target=\"_blank\" rel=\"noopener\">Handorf Langenberg M\u00e4nner 3,5 Km<\/a><\/span><\/p>\n<p><span style=\"color: #ff6600;\"><a style=\"color: #ff6600;\" href=\"http:\/\/www.volksbanken-laufcup.de\/wp-content\/uploads\/2018\/07\/Handorf-Langenberg-M\u00e4nner-5-Km.pdf\" target=\"_blank\" rel=\"noopener\">Handorf Langenberg M\u00e4nner 5 Km<\/a><\/span><\/p>\n<p><span style=\"color: #ff6600;\"><a style=\"color: #ff6600;\" href=\"http:\/\/www.volksbanken-laufcup.de\/wp-content\/uploads\/2018\/07\/Handorf-Langenberg-M\u00e4nner-10-Km.pdf\" target=\"_blank\" rel=\"noopener\">Handorf Langenberg M\u00e4nner 10 Km<\/a><\/span><\/p>\n","protected":false},"excerpt":{"rendered":"<p>Handorf Langenberg Frauen 3,5 Km Handorf Langenberg Frauen 5 Km Handorf Langenberg Frauen 10 Km Handorf Langenberg M\u00e4nner 3,5 Km Handorf Langenberg M\u00e4nner 5 Km Handorf Langenberg M\u00e4nner 10 Km<\/p>\n","protected":false},"author":4,"featured_media":0,"parent":0,"menu_order":0,"comment_status":"closed","ping_status":"closed","template":"","meta":{"footnotes":""},"_links":{"self":[{"href":"https:\/\/www.volksbanken-laufcup.de\/index.php?rest_route=\/wp\/v2\/pages\/1824"}],"collection":[{"href":"https:\/\/www.volksbanken-laufcup.de\/index.php?rest_route=\/wp\/v2\/pages"}],"about":[{"href":"https:\/\/www.volksbanken-laufcup.de\/index.php?rest_route=\/wp\/v2\/types\/page"}],"author":[{"embeddable":true,"href":"https:\/\/www.volksbanken-laufcup.de\/index.php?rest_route=\/wp\/v2\/users\/4"}],"replies":[{"embeddable":true,"href":"https:\/\/www.volksbanken-laufcup.de\/index.php?rest_route=%2Fwp%2Fv2%2Fcomments&post=1824"}],"version-history":[{"count":2,"href":"https:\/\/www.volksbanken-laufcup.de\/index.php?rest_route=\/wp\/v2\/pages\/1824\/revisions"}],"predecessor-version":[{"id":1833,"href":"https:\/\/www.volksbanken-laufcup.de\/index.php?rest_route=\/wp\/v2\/pages\/1824\/revisions\/1833"}],"wp:attachment":[{"href":"https:\/\/www.volksbanken-laufcup.de\/index.php?rest_route=%2Fwp%2Fv2%2Fmedia&parent=1824"}],"curies":[{"name":"wp","href":"https:\/\/api.w.org\/{rel}","templated":true}]}}