{"id":1802,"date":"2018-06-29T17:55:58","date_gmt":"2018-06-29T15:55:58","guid":{"rendered":"http:\/\/www.volksbanken-laufcup.de\/?page_id=1802"},"modified":"2019-05-26T12:29:24","modified_gmt":"2019-05-26T10:29:24","slug":"ergebnisse-4","status":"publish","type":"page","link":"https:\/\/www.volksbanken-laufcup.de\/?page_id=1802","title":{"rendered":"Ergebnisse 2018\/2019"},"content":{"rendered":"<p><span style=\"color: #ff6600;\"><a style=\"color: #ff6600;\" href=\"http:\/\/www.volksbanken-laufcup.de\/?page_id=1798\">Frauen alle L\u00e4ufe 2018\/2019<\/a><\/span><\/p>\n<p><span style=\"color: #ff6600;\"><a style=\"color: #ff6600;\" href=\"http:\/\/www.volksbanken-laufcup.de\/?page_id=1800\">M\u00e4nner alle L\u00e4ufe 2018\/2019<\/a><\/span><\/p>\n<p><span style=\"color: #ff6600;\"><a style=\"color: #ff6600;\" href=\"http:\/\/www.volksbanken-laufcup.de\/?page_id=1796\">Gesamtwertung Frauen 2018\/2019<\/a><a href=\"http:\/\/www.volksbanken-laufcup.de\/wp-content\/uploads\/2018\/06\/VoBa3.jpg\"><img decoding=\"async\" loading=\"lazy\" class=\" wp-image-1803 alignright\" src=\"http:\/\/www.volksbanken-laufcup.de\/wp-content\/uploads\/2018\/06\/VoBa3.jpg\" alt=\"\" width=\"637\" height=\"346\" srcset=\"https:\/\/www.volksbanken-laufcup.de\/wp-content\/uploads\/2018\/06\/VoBa3.jpg 1024w, https:\/\/www.volksbanken-laufcup.de\/wp-content\/uploads\/2018\/06\/VoBa3-300x163.jpg 300w, https:\/\/www.volksbanken-laufcup.de\/wp-content\/uploads\/2018\/06\/VoBa3-768x417.jpg 768w, https:\/\/www.volksbanken-laufcup.de\/wp-content\/uploads\/2018\/06\/VoBa3-150x81.jpg 150w\" sizes=\"(max-width: 637px) 100vw, 637px\" \/><\/a><\/span><\/p>\n<p><span style=\"color: #ff6600;\"><a style=\"color: #ff6600;\" href=\"http:\/\/www.volksbanken-laufcup.de\/?page_id=1794\">Gesamtwertung M\u00e4nner 2018\/2019<\/a><\/span><\/p>\n<p><span style=\"color: #ff6600;\"><a style=\"color: #ff6600;\" href=\"http:\/\/www.volksbanken-laufcup.de\/?page_id=2218\">Ergebnisse Bakum<\/a><\/span><\/p>\n<p><a href=\"http:\/\/www.volksbanken-laufcup.de\/?page_id=2152\"><span style=\"color: #ff6600;\">Ergebnisse Langf\u00f6rden<\/span><\/a><\/p>\n<p><span style=\"color: #ff6600;\"><a style=\"color: #ff6600;\" href=\"http:\/\/www.volksbanken-laufcup.de\/?page_id=2104\">Wertung Silvesterlauf M\u00fchlen<\/a><\/span><\/p>\n<p><a href=\"http:\/\/www.volksbanken-laufcup.de\/?page_id=2054\"><span style=\"color: #ff6600;\">Wertung Adventslauf Dinklage<\/span><\/a><\/p>\n<p><span style=\"color: #ff6600;\"><a style=\"color: #ff6600;\" href=\"http:\/\/www.volksbanken-laufcup.de\/?page_id=2003\">Wertung Crosslauf Damme<\/a><\/span><\/p>\n<p><span style=\"color: #ff6600;\"><a style=\"color: #ff6600;\" href=\"http:\/\/www.volksbanken-laufcup.de\/?page_id=1957\">Wertung Waldlauf Vechta<\/a><\/span><\/p>\n<p><span style=\"color: #ff6600;\"><a style=\"color: #ff6600;\" href=\"http:\/\/www.volksbanken-laufcup.de\/?page_id=1920\">Wertung D\u00fcmmerlauf<\/a><\/span><\/p>\n<p><span style=\"color: #ff6600;\"><a style=\"color: #ff6600;\" href=\"http:\/\/www.volksbanken-laufcup.de\/?page_id=1879\">Wertung Goldenstedt<\/a><\/span><\/p>\n<p><span style=\"color: #ff6600;\"><a style=\"color: #ff6600;\" href=\"http:\/\/www.volksbanken-laufcup.de\/?page_id=1853\">Wertung Damme Stadtlauf<\/a><\/span><\/p>\n<p><a href=\"http:\/\/www.volksbanken-laufcup.de\/?page_id=1824\"><span style=\"color: #ff6600;\">Wertung Handorf &#8222;Rund um die Dersaburg&#8220;<\/span><\/a><\/p>\n<p><span style=\"color: #ff6600;\"><a style=\"color: #ff6600;\" href=\"http:\/\/www.volksbanken-laufcup.de\/?page_id=1775\">Wertung VoBa Summer Run<\/a><\/span><\/p>\n","protected":false},"excerpt":{"rendered":"<p>Frauen alle L\u00e4ufe 2018\/2019 M\u00e4nner alle L\u00e4ufe 2018\/2019 Gesamtwertung Frauen 2018\/2019 Gesamtwertung M\u00e4nner 2018\/2019 Ergebnisse Bakum Ergebnisse Langf\u00f6rden Wertung Silvesterlauf M\u00fchlen Wertung Adventslauf Dinklage Wertung Crosslauf Damme Wertung Waldlauf Vechta Wertung D\u00fcmmerlauf Wertung Goldenstedt Wertung Damme Stadtlauf Wertung Handorf &#8222;Rund um die Dersaburg&#8220; Wertung VoBa Summer Run<\/p>\n","protected":false},"author":4,"featured_media":0,"parent":0,"menu_order":0,"comment_status":"closed","ping_status":"closed","template":"","meta":{"footnotes":""},"_links":{"self":[{"href":"https:\/\/www.volksbanken-laufcup.de\/index.php?rest_route=\/wp\/v2\/pages\/1802"}],"collection":[{"href":"https:\/\/www.volksbanken-laufcup.de\/index.php?rest_route=\/wp\/v2\/pages"}],"about":[{"href":"https:\/\/www.volksbanken-laufcup.de\/index.php?rest_route=\/wp\/v2\/types\/page"}],"author":[{"embeddable":true,"href":"https:\/\/www.volksbanken-laufcup.de\/index.php?rest_route=\/wp\/v2\/users\/4"}],"replies":[{"embeddable":true,"href":"https:\/\/www.volksbanken-laufcup.de\/index.php?rest_route=%2Fwp%2Fv2%2Fcomments&post=1802"}],"version-history":[{"count":45,"href":"https:\/\/www.volksbanken-laufcup.de\/index.php?rest_route=\/wp\/v2\/pages\/1802\/revisions"}],"predecessor-version":[{"id":2443,"href":"https:\/\/www.volksbanken-laufcup.de\/index.php?rest_route=\/wp\/v2\/pages\/1802\/revisions\/2443"}],"wp:attachment":[{"href":"https:\/\/www.volksbanken-laufcup.de\/index.php?rest_route=%2Fwp%2Fv2%2Fmedia&parent=1802"}],"curies":[{"name":"wp","href":"https:\/\/api.w.org\/{rel}","templated":true}]}}