{"id":1775,"date":"2018-06-29T17:46:32","date_gmt":"2018-06-29T15:46:32","guid":{"rendered":"http:\/\/www.volksbanken-laufcup.de\/?page_id=1775"},"modified":"2018-06-29T17:56:40","modified_gmt":"2018-06-29T15:56:40","slug":"ergebnisse-voba-summer-run-2","status":"publish","type":"page","link":"https:\/\/www.volksbanken-laufcup.de\/?page_id=1775","title":{"rendered":"Ergebnisse VoBa Summer Run"},"content":{"rendered":"<p><span style=\"color: #ff6600;\"><a style=\"color: #ff6600;\" href=\"http:\/\/www.volksbanken-laufcup.de\/wp-content\/uploads\/2018\/06\/VoBa-5-Km-Frauen.pdf\" target=\"_blank\" rel=\"noopener\">VoBa 5 Km Frauen<\/a><\/span><a href=\"http:\/\/www.volksbanken-laufcup.de\/wp-content\/uploads\/2018\/06\/VoBa1.jpg\"><img decoding=\"async\" loading=\"lazy\" class=\" wp-image-1783 alignright\" src=\"http:\/\/www.volksbanken-laufcup.de\/wp-content\/uploads\/2018\/06\/VoBa1.jpg\" alt=\"\" width=\"669\" height=\"403\" srcset=\"https:\/\/www.volksbanken-laufcup.de\/wp-content\/uploads\/2018\/06\/VoBa1.jpg 1024w, https:\/\/www.volksbanken-laufcup.de\/wp-content\/uploads\/2018\/06\/VoBa1-300x181.jpg 300w, https:\/\/www.volksbanken-laufcup.de\/wp-content\/uploads\/2018\/06\/VoBa1-768x463.jpg 768w, https:\/\/www.volksbanken-laufcup.de\/wp-content\/uploads\/2018\/06\/VoBa1-150x90.jpg 150w\" sizes=\"(max-width: 669px) 100vw, 669px\" \/><\/a><\/p>\n<p><span style=\"color: #ff6600;\"><a style=\"color: #ff6600;\" href=\"http:\/\/www.volksbanken-laufcup.de\/wp-content\/uploads\/2018\/06\/VoBa-5-Km-M\u00e4nner.pdf\" target=\"_blank\" rel=\"noopener\">VoBa 5 Km M\u00e4nner<\/a><\/span><\/p>\n<p><span style=\"color: #ff6600;\"><a style=\"color: #ff6600;\" href=\"http:\/\/www.volksbanken-laufcup.de\/wp-content\/uploads\/2018\/06\/VoBa-10-Km-Frauen.pdf\" target=\"_blank\" rel=\"noopener\">VoBa 10 Km Frauen<\/a><\/span><\/p>\n<p><span style=\"color: #ff6600;\"><a style=\"color: #ff6600;\" href=\"http:\/\/www.volksbanken-laufcup.de\/wp-content\/uploads\/2018\/06\/VoBa-10-Km-M\u00e4nner.pdf\" target=\"_blank\" rel=\"noopener\">VoBa 10 Km M\u00e4nner<\/a><\/span><\/p>\n<p><span style=\"color: #ff6600;\"><a style=\"color: #ff6600;\" href=\"http:\/\/www.volksbanken-laufcup.de\/wp-content\/uploads\/2018\/06\/VoBa-21-Km-Frauen.pdf\" target=\"_blank\" rel=\"noopener\">VoBa 21 Km Frauen<\/a><\/span><\/p>\n<p><span style=\"color: #ff6600;\"><a style=\"color: #ff6600;\" href=\"http:\/\/www.volksbanken-laufcup.de\/wp-content\/uploads\/2018\/06\/VoBa-21-Km-M\u00e4nner-1.pdf\" target=\"_blank\" rel=\"noopener\">VoBa 21 Km M\u00e4nner<\/a><\/span><\/p>\n","protected":false},"excerpt":{"rendered":"<p>VoBa 5 Km Frauen VoBa 5 Km M\u00e4nner VoBa 10 Km Frauen VoBa 10 Km M\u00e4nner VoBa 21 Km Frauen VoBa 21 Km M\u00e4nner<\/p>\n","protected":false},"author":4,"featured_media":0,"parent":0,"menu_order":0,"comment_status":"closed","ping_status":"closed","template":"","meta":{"footnotes":""},"_links":{"self":[{"href":"https:\/\/www.volksbanken-laufcup.de\/index.php?rest_route=\/wp\/v2\/pages\/1775"}],"collection":[{"href":"https:\/\/www.volksbanken-laufcup.de\/index.php?rest_route=\/wp\/v2\/pages"}],"about":[{"href":"https:\/\/www.volksbanken-laufcup.de\/index.php?rest_route=\/wp\/v2\/types\/page"}],"author":[{"embeddable":true,"href":"https:\/\/www.volksbanken-laufcup.de\/index.php?rest_route=\/wp\/v2\/users\/4"}],"replies":[{"embeddable":true,"href":"https:\/\/www.volksbanken-laufcup.de\/index.php?rest_route=%2Fwp%2Fv2%2Fcomments&post=1775"}],"version-history":[{"count":2,"href":"https:\/\/www.volksbanken-laufcup.de\/index.php?rest_route=\/wp\/v2\/pages\/1775\/revisions"}],"predecessor-version":[{"id":1807,"href":"https:\/\/www.volksbanken-laufcup.de\/index.php?rest_route=\/wp\/v2\/pages\/1775\/revisions\/1807"}],"wp:attachment":[{"href":"https:\/\/www.volksbanken-laufcup.de\/index.php?rest_route=%2Fwp%2Fv2%2Fmedia&parent=1775"}],"curies":[{"name":"wp","href":"https:\/\/api.w.org\/{rel}","templated":true}]}}