{"id":1743,"date":"2018-06-13T16:55:28","date_gmt":"2018-06-13T14:55:28","guid":{"rendered":"http:\/\/www.volksbanken-laufcup.de\/?page_id=1743"},"modified":"2018-06-13T17:07:13","modified_gmt":"2018-06-13T15:07:13","slug":"ergebnisse-missionslauf-visbeck-2","status":"publish","type":"page","link":"https:\/\/www.volksbanken-laufcup.de\/?page_id=1743","title":{"rendered":"Ergebnisse Missionslauf Visbeck"},"content":{"rendered":"<p><span style=\"color: #ff6600;\"><a style=\"color: #ff6600;\" href=\"http:\/\/www.volksbanken-laufcup.de\/wp-content\/uploads\/2018\/06\/Visbeck-56-Km-Frauen.pdf\" target=\"_blank\" rel=\"noopener\">Visbeck 5,6 Km Frauen<\/a><a href=\"http:\/\/www.volksbanken-laufcup.de\/wp-content\/uploads\/2018\/06\/Visbeck.jpg\"><img decoding=\"async\" loading=\"lazy\" class=\" wp-image-1753 alignright\" src=\"http:\/\/www.volksbanken-laufcup.de\/wp-content\/uploads\/2018\/06\/Visbeck.jpg\" alt=\"\" width=\"753\" height=\"377\" srcset=\"https:\/\/www.volksbanken-laufcup.de\/wp-content\/uploads\/2018\/06\/Visbeck.jpg 1600w, https:\/\/www.volksbanken-laufcup.de\/wp-content\/uploads\/2018\/06\/Visbeck-300x150.jpg 300w, https:\/\/www.volksbanken-laufcup.de\/wp-content\/uploads\/2018\/06\/Visbeck-768x384.jpg 768w, https:\/\/www.volksbanken-laufcup.de\/wp-content\/uploads\/2018\/06\/Visbeck-1024x512.jpg 1024w, https:\/\/www.volksbanken-laufcup.de\/wp-content\/uploads\/2018\/06\/Visbeck-150x75.jpg 150w\" sizes=\"(max-width: 753px) 100vw, 753px\" \/><\/a><\/span><\/p>\n<p><span style=\"color: #ff6600;\"><a style=\"color: #ff6600;\" href=\"http:\/\/www.volksbanken-laufcup.de\/wp-content\/uploads\/2018\/06\/Visbeck-106-Km-Frauen.pdf\" target=\"_blank\" rel=\"noopener\">Visbeck 10,6 Km Frauen<\/a><\/span><\/p>\n<p><span style=\"color: #ff6600;\"><a style=\"color: #ff6600;\" href=\"http:\/\/www.volksbanken-laufcup.de\/wp-content\/uploads\/2018\/06\/Visbeck-HM-Frauen.pdf\" target=\"_blank\" rel=\"noopener\">Visbeck HM Frauen<\/a><\/span><\/p>\n<p><span style=\"color: #ff6600;\"><a style=\"color: #ff6600;\" href=\"http:\/\/www.volksbanken-laufcup.de\/wp-content\/uploads\/2018\/06\/Visbeck-56-Km-M\u00e4nner.pdf\" target=\"_blank\" rel=\"noopener\">Visbeck 5,6 Km M\u00e4nner<\/a><\/span><\/p>\n<p><span style=\"color: #ff6600;\"><a style=\"color: #ff6600;\" href=\"http:\/\/www.volksbanken-laufcup.de\/wp-content\/uploads\/2018\/06\/Visbeck-106-Km-M\u00e4nner-1.pdf\" target=\"_blank\" rel=\"noopener\">Visbeck 10,6 Km M\u00e4nner<\/a><\/span><\/p>\n<p><span style=\"color: #ff6600;\"><a style=\"color: #ff6600;\" href=\"http:\/\/www.volksbanken-laufcup.de\/wp-content\/uploads\/2018\/06\/Visbeck-HM-M\u00e4nner.pdf\" target=\"_blank\" rel=\"noopener\">Visbeck HM M\u00e4nner<\/a><\/span><\/p>\n","protected":false},"excerpt":{"rendered":"<p>Visbeck 5,6 Km Frauen Visbeck 10,6 Km Frauen Visbeck HM Frauen Visbeck 5,6 Km M\u00e4nner Visbeck 10,6 Km M\u00e4nner Visbeck HM M\u00e4nner<\/p>\n","protected":false},"author":4,"featured_media":0,"parent":0,"menu_order":0,"comment_status":"closed","ping_status":"closed","template":"","meta":{"footnotes":""},"_links":{"self":[{"href":"https:\/\/www.volksbanken-laufcup.de\/index.php?rest_route=\/wp\/v2\/pages\/1743"}],"collection":[{"href":"https:\/\/www.volksbanken-laufcup.de\/index.php?rest_route=\/wp\/v2\/pages"}],"about":[{"href":"https:\/\/www.volksbanken-laufcup.de\/index.php?rest_route=\/wp\/v2\/types\/page"}],"author":[{"embeddable":true,"href":"https:\/\/www.volksbanken-laufcup.de\/index.php?rest_route=\/wp\/v2\/users\/4"}],"replies":[{"embeddable":true,"href":"https:\/\/www.volksbanken-laufcup.de\/index.php?rest_route=%2Fwp%2Fv2%2Fcomments&post=1743"}],"version-history":[{"count":4,"href":"https:\/\/www.volksbanken-laufcup.de\/index.php?rest_route=\/wp\/v2\/pages\/1743\/revisions"}],"predecessor-version":[{"id":1755,"href":"https:\/\/www.volksbanken-laufcup.de\/index.php?rest_route=\/wp\/v2\/pages\/1743\/revisions\/1755"}],"wp:attachment":[{"href":"https:\/\/www.volksbanken-laufcup.de\/index.php?rest_route=%2Fwp%2Fv2%2Fmedia&parent=1743"}],"curies":[{"name":"wp","href":"https:\/\/api.w.org\/{rel}","templated":true}]}}