{"id":1603,"date":"2018-02-07T18:45:44","date_gmt":"2018-02-07T17:45:44","guid":{"rendered":"http:\/\/www.volksbanken-laufcup.de\/?page_id=1603"},"modified":"2018-02-07T18:45:44","modified_gmt":"2018-02-07T17:45:44","slug":"ergebnisse-langfoerden-3","status":"publish","type":"page","link":"https:\/\/www.volksbanken-laufcup.de\/?page_id=1603","title":{"rendered":"Ergebnisse Langf\u00f6rden"},"content":{"rendered":"<p><span style=\"color: #ff6600;\"><a style=\"color: #ff6600;\" href=\"http:\/\/www.volksbanken-laufcup.de\/wp-content\/uploads\/2018\/02\/6-Km-Frauen-Langf\u00f6rden.pdf\" target=\"_blank\">6 Km Frauen Langf\u00f6rden<\/a><a href=\"http:\/\/www.volksbanken-laufcup.de\/wp-content\/uploads\/2018\/02\/Langf\u00f6rden2.jpg\"><img decoding=\"async\" loading=\"lazy\" class=\" wp-image-1611 alignright\" src=\"http:\/\/www.volksbanken-laufcup.de\/wp-content\/uploads\/2018\/02\/Langf\u00f6rden2.jpg\" alt=\"\" width=\"639\" height=\"426\" srcset=\"https:\/\/www.volksbanken-laufcup.de\/wp-content\/uploads\/2018\/02\/Langf\u00f6rden2.jpg 792w, https:\/\/www.volksbanken-laufcup.de\/wp-content\/uploads\/2018\/02\/Langf\u00f6rden2-300x200.jpg 300w, https:\/\/www.volksbanken-laufcup.de\/wp-content\/uploads\/2018\/02\/Langf\u00f6rden2-768x512.jpg 768w, https:\/\/www.volksbanken-laufcup.de\/wp-content\/uploads\/2018\/02\/Langf\u00f6rden2-150x100.jpg 150w\" sizes=\"(max-width: 639px) 100vw, 639px\" \/><\/a><\/span><\/p>\n<p><span style=\"color: #ff6600;\"><a style=\"color: #ff6600;\" href=\"http:\/\/www.volksbanken-laufcup.de\/wp-content\/uploads\/2018\/02\/11-Km-Frauen-Langf\u00f6rden.pdf\" target=\"_blank\">11 Km Frauen Langf\u00f6rden<\/a><\/span><\/p>\n<p><span style=\"color: #ff6600;\"><a style=\"color: #ff6600;\" href=\"http:\/\/www.volksbanken-laufcup.de\/wp-content\/uploads\/2018\/02\/21-Km-Frauen-Langf\u00f6rden.pdf\" target=\"_blank\">21 Km Frauen Langf\u00f6rden<\/a><\/span><\/p>\n<p><span style=\"color: #ff6600;\"><a style=\"color: #ff6600;\" href=\"http:\/\/www.volksbanken-laufcup.de\/wp-content\/uploads\/2018\/02\/6-Km-M\u00e4nnerLangf\u00f6rden.pdf\" target=\"_blank\">6 Km M\u00e4nner Langf\u00f6rden<\/a><\/span><\/p>\n<p><span style=\"color: #ff6600;\"><a style=\"color: #ff6600;\" href=\"http:\/\/www.volksbanken-laufcup.de\/wp-content\/uploads\/2018\/02\/11-Km-M\u00e4nnerLangf\u00f6rden.pdf\" target=\"_blank\">11 Km M\u00e4nner Langf\u00f6rden<\/a><\/span><\/p>\n<p><span style=\"color: #ff6600;\"><a style=\"color: #ff6600;\" href=\"http:\/\/www.volksbanken-laufcup.de\/wp-content\/uploads\/2018\/02\/21-Km-M\u00e4nnerLangf\u00f6rden.pdf\" target=\"_blank\">21 Km M\u00e4nner Langf\u00f6rden<\/a><\/span><\/p>\n","protected":false},"excerpt":{"rendered":"<p>6 Km Frauen Langf\u00f6rden 11 Km Frauen Langf\u00f6rden 21 Km Frauen Langf\u00f6rden 6 Km M\u00e4nner Langf\u00f6rden 11 Km M\u00e4nner Langf\u00f6rden 21 Km M\u00e4nner Langf\u00f6rden<\/p>\n","protected":false},"author":4,"featured_media":0,"parent":0,"menu_order":0,"comment_status":"closed","ping_status":"closed","template":"","meta":{"footnotes":""},"_links":{"self":[{"href":"https:\/\/www.volksbanken-laufcup.de\/index.php?rest_route=\/wp\/v2\/pages\/1603"}],"collection":[{"href":"https:\/\/www.volksbanken-laufcup.de\/index.php?rest_route=\/wp\/v2\/pages"}],"about":[{"href":"https:\/\/www.volksbanken-laufcup.de\/index.php?rest_route=\/wp\/v2\/types\/page"}],"author":[{"embeddable":true,"href":"https:\/\/www.volksbanken-laufcup.de\/index.php?rest_route=\/wp\/v2\/users\/4"}],"replies":[{"embeddable":true,"href":"https:\/\/www.volksbanken-laufcup.de\/index.php?rest_route=%2Fwp%2Fv2%2Fcomments&post=1603"}],"version-history":[{"count":1,"href":"https:\/\/www.volksbanken-laufcup.de\/index.php?rest_route=\/wp\/v2\/pages\/1603\/revisions"}],"predecessor-version":[{"id":1612,"href":"https:\/\/www.volksbanken-laufcup.de\/index.php?rest_route=\/wp\/v2\/pages\/1603\/revisions\/1612"}],"wp:attachment":[{"href":"https:\/\/www.volksbanken-laufcup.de\/index.php?rest_route=%2Fwp%2Fv2%2Fmedia&parent=1603"}],"curies":[{"name":"wp","href":"https:\/\/api.w.org\/{rel}","templated":true}]}}