{"id":16,"date":"2015-04-03T09:45:56","date_gmt":"2015-04-03T07:45:56","guid":{"rendered":"http:\/\/volksbanken-laufcup.de\/wordpress\/?page_id=16"},"modified":"2017-05-19T14:42:26","modified_gmt":"2017-05-19T12:42:26","slug":"anmeldung","status":"publish","type":"page","link":"https:\/\/www.volksbanken-laufcup.de\/?page_id=16","title":{"rendered":"Anmeldung alt"},"content":{"rendered":"<p style=\"text-align: left;\">Hier geht&#8217;s zur Anmeldung f\u00fcr den Volksbanken Laufcup. Nicht lange z\u00f6gern und die T-Shirt Gr\u00f6\u00dfe nicht vergessen. Auf geht&#8217;s<\/p>\n<p><a href=\"http:\/\/www.anmeldung.laufauswertung.com\/index.php?VID=3ED7E088A4\" target=\"_blank\"><img decoding=\"async\" loading=\"lazy\" class=\"aligncenter size-full wp-image-662\" src=\"http:\/\/www.volksbanken-laufcup.de\/wp-content\/uploads\/2015\/04\/zeit_anmeldung.png\" alt=\"zeit_anmeldung\" width=\"866\" height=\"446\" srcset=\"https:\/\/www.volksbanken-laufcup.de\/wp-content\/uploads\/2015\/04\/zeit_anmeldung.png 866w, https:\/\/www.volksbanken-laufcup.de\/wp-content\/uploads\/2015\/04\/zeit_anmeldung-300x155.png 300w, https:\/\/www.volksbanken-laufcup.de\/wp-content\/uploads\/2015\/04\/zeit_anmeldung-768x396.png 768w, https:\/\/www.volksbanken-laufcup.de\/wp-content\/uploads\/2015\/04\/zeit_anmeldung-150x77.png 150w\" sizes=\"(max-width: 866px) 100vw, 866px\" \/><\/a><\/p>\n<p>&nbsp;<\/p>\n","protected":false},"excerpt":{"rendered":"<p>Hier geht&#8217;s zur Anmeldung f\u00fcr den Volksbanken Laufcup. Nicht lange z\u00f6gern und die T-Shirt Gr\u00f6\u00dfe nicht vergessen. Auf geht&#8217;s &nbsp;<\/p>\n","protected":false},"author":4,"featured_media":0,"parent":0,"menu_order":0,"comment_status":"closed","ping_status":"closed","template":"","meta":{"footnotes":""},"_links":{"self":[{"href":"https:\/\/www.volksbanken-laufcup.de\/index.php?rest_route=\/wp\/v2\/pages\/16"}],"collection":[{"href":"https:\/\/www.volksbanken-laufcup.de\/index.php?rest_route=\/wp\/v2\/pages"}],"about":[{"href":"https:\/\/www.volksbanken-laufcup.de\/index.php?rest_route=\/wp\/v2\/types\/page"}],"author":[{"embeddable":true,"href":"https:\/\/www.volksbanken-laufcup.de\/index.php?rest_route=\/wp\/v2\/users\/4"}],"replies":[{"embeddable":true,"href":"https:\/\/www.volksbanken-laufcup.de\/index.php?rest_route=%2Fwp%2Fv2%2Fcomments&post=16"}],"version-history":[{"count":16,"href":"https:\/\/www.volksbanken-laufcup.de\/index.php?rest_route=\/wp\/v2\/pages\/16\/revisions"}],"predecessor-version":[{"id":1217,"href":"https:\/\/www.volksbanken-laufcup.de\/index.php?rest_route=\/wp\/v2\/pages\/16\/revisions\/1217"}],"wp:attachment":[{"href":"https:\/\/www.volksbanken-laufcup.de\/index.php?rest_route=%2Fwp%2Fv2%2Fmedia&parent=16"}],"curies":[{"name":"wp","href":"https:\/\/api.w.org\/{rel}","templated":true}]}}